{"id":24770,"date":"2024-03-27T14:19:29","date_gmt":"2024-03-27T14:19:29","guid":{"rendered":"https:\/\/www.hotelmonville.com\/?page_id=24770"},"modified":"2026-02-17T19:04:50","modified_gmt":"2026-02-17T19:04:50","slug":"careers","status":"publish","type":"page","link":"https:\/\/www.hotelmonville.com\/en\/careers\/","title":{"rendered":"Join us"},"content":{"rendered":"<div class=\"wpb-content-wrapper\"><p>[vc_row css_animation=&#8221;&#8221; row_type=&#8221;row&#8221; use_row_as_full_screen_section=&#8221;no&#8221; type=&#8221;full_width&#8221; angled_section=&#8221;no&#8221; text_align=&#8221;left&#8221; background_image_as_pattern=&#8221;without_pattern&#8221; z_index=&#8221;&#8221; el_class=&#8221;page-banner&#8221;][vc_column][rev_slider_vc alias=&#8221;appel-a-la-candidature&#8221;][\/vc_column][\/vc_row][vc_row css_animation=&#8221;&#8221; row_type=&#8221;row&#8221; use_row_as_full_screen_section=&#8221;no&#8221; type=&#8221;grid&#8221; angled_section=&#8221;no&#8221; text_align=&#8221;center&#8221; background_image_as_pattern=&#8221;without_pattern&#8221; el_class=&#8221;main-section&#8221; z_index=&#8221;&#8221; el_id=&#8221;banner-text&#8221;][vc_column width=&#8221;1\/12&#8243; offset=&#8221;vc_col-lg-2 vc_col-md-2&#8243;][\/vc_column][vc_column width=&#8221;5\/6&#8243; offset=&#8221;vc_col-lg-8 vc_col-md-8&#8243;][vc_column_text css=&#8221;&#8221;]<\/p>\n<h1>Join the Monville team!<\/h1>\n<p>[\/vc_column_text][vc_empty_space]<a itemprop=\"url\" href=\"https:\/\/jobs.glowinthecloud.com\/hotelmonville\" target=\"_self\" class=\"qbutton  default\" style=\"\" rel=\"noopener\">Find out about all our available jobs.<\/a>[\/vc_column][vc_column width=&#8221;1\/12&#8243; offset=&#8221;vc_col-lg-2 vc_col-md-2&#8243;][\/vc_column][\/vc_row][vc_row css_animation=&#8221;&#8221; row_type=&#8221;row&#8221; use_row_as_full_screen_section=&#8221;no&#8221; type=&#8221;grid&#8221; angled_section=&#8221;no&#8221; text_align=&#8221;left&#8221; background_image_as_pattern=&#8221;without_pattern&#8221; el_class=&#8221;main-section no-border&#8221; z_index=&#8221;&#8221; padding_top=&#8221;0&#8243; padding_bottom=&#8221;0&#8243;][vc_column width=&#8221;5\/12&#8243;][vc_column_text]<\/p>\n<h2 style=\"text-align: left;\">Monville values<\/h2>\n<ul>\n<li>Collaboration and team spirit at the heart of our culture.<\/li>\n<li>A dynamic and stimulating working environment.<\/li>\n<li>Promoting diversity and inclusion within our team.<\/li>\n<li>Commitment to innovation and the environment in all aspects of our service.<\/li>\n<\/ul>\n<p>[\/vc_column_text][\/vc_column][vc_column width=&#8221;1\/12&#8243;][vc_empty_space][\/vc_column][vc_column width=&#8221;5\/12&#8243;][vc_gallery type=&#8221;flexslider_slide&#8221; interval=&#8221;3&#8243; images=&#8221;34733,34731,34397,34395&#8243; img_size=&#8221;600&#215;600&#8243; css=&#8221;&#8221;][\/vc_column][\/vc_row][vc_row css_animation=&#8221;&#8221; row_type=&#8221;row&#8221; use_row_as_full_screen_section=&#8221;no&#8221; type=&#8221;full_width&#8221; angled_section=&#8221;no&#8221; text_align=&#8221;left&#8221; background_image_as_pattern=&#8221;without_pattern&#8221; el_class=&#8221;main-section no-border&#8221; z_index=&#8221;&#8221; padding_top=&#8221;0&#8243;][vc_column][vc_separator type=&#8221;normal&#8221; color=&#8221;#000000&#8243;][\/vc_column][\/vc_row][vc_row css_animation=&#8221;&#8221; row_type=&#8221;row&#8221; use_row_as_full_screen_section=&#8221;no&#8221; type=&#8221;grid&#8221; angled_section=&#8221;no&#8221; text_align=&#8221;left&#8221; background_image_as_pattern=&#8221;without_pattern&#8221; el_class=&#8221;main-section no-border&#8221; z_index=&#8221;&#8221; padding_top=&#8221;0&#8243; padding_bottom=&#8221;0&#8243;][vc_column width=&#8221;5\/12&#8243;][vc_gallery type=&#8221;flexslider_slide&#8221; interval=&#8221;3&#8243; images=&#8221;34735,24781,24777,24775&#8243; img_size=&#8221;600&#215;600&#8243; css=&#8221;&#8221;][\/vc_column][vc_column width=&#8221;1\/12&#8243;][vc_empty_space][\/vc_column][vc_column width=&#8221;5\/12&#8243;][vc_column_text]<\/p>\n<h2 style=\"text-align: left;\">Our social actions<\/h2>\n<ul>\n<li>La Rue des Femmes: Support for the association, La Rue des Femmes, which provides shelter and support services for homeless women.<\/li>\n<li>Op\u00e9ration P\u00e8re No\u00ebl: Purchase of toys with the association Op\u00e9ration P\u00e8re No\u00ebl, which aims to provide underprivileged children with Christmas gifts during the festive season.<\/li>\n<li>Soupe Solidaire: Participation in food collections, volunteer services and awareness-raising events to combat food insecurity and promote social inclusion.<\/li>\n<\/ul>\n<p>These social actions reflect our commitment to social responsibility and our desire to make a positive contribution to our local community. By taking part in these initiatives, we demonstrate our solidarity and our desire to make a difference in the lives of others, particularly those who are most vulnerable.[\/vc_column_text][\/vc_column][\/vc_row][vc_row css_animation=&#8221;&#8221; row_type=&#8221;row&#8221; use_row_as_full_screen_section=&#8221;no&#8221; type=&#8221;full_width&#8221; angled_section=&#8221;no&#8221; text_align=&#8221;left&#8221; background_image_as_pattern=&#8221;without_pattern&#8221; el_class=&#8221;main-section no-border&#8221; z_index=&#8221;&#8221; padding_top=&#8221;0&#8243; padding_bottom=&#8221;0&#8243;][vc_column][vc_separator type=&#8221;normal&#8221; color=&#8221;#000000&#8243;][\/vc_column][\/vc_row][vc_row css_animation=&#8221;&#8221; row_type=&#8221;row&#8221; use_row_as_full_screen_section=&#8221;no&#8221; type=&#8221;grid&#8221; angled_section=&#8221;no&#8221; text_align=&#8221;left&#8221; background_image_as_pattern=&#8221;without_pattern&#8221; el_class=&#8221;main-section no-border&#8221; z_index=&#8221;&#8221; padding_bottom=&#8221;0&#8243;][vc_column][vc_row_inner row_type=&#8221;row&#8221; type=&#8221;grid&#8221; text_align=&#8221;left&#8221; css_animation=&#8221;&#8221; padding_top=&#8221;0&#8243;][vc_column_inner][vc_column_text]<\/p>\n<h2 style=\"text-align: center;\">FAQ<\/h2>\n<p>[\/vc_column_text][\/vc_column_inner][\/vc_row_inner]<div class=\"qode-accordion-holder clearfix qode-toggle qode-initial \">\n\t<h4 class=\"clearfix qode-title-holder\">\n<span class=\"qode-tab-title\">\n\t    <span class=\"qode-tab-title-inner\">\n        What benefits does Hotel Monville offer?    <\/span>\n<\/span>\n<span class=\"qode-accordion-mark\">\n    <span class=\"qode-accordion-mark-icon\">\n        <span class=\"icon_plus\"><\/span>\n        <span class=\"icon_minus-06\"><\/span>\n    <\/span>\n<\/span>\n<\/h4>\n<div  class=\"qode-accordion-content \" >\n    <div class=\"qode-accordion-content-inner\">\n        [vc_column_text]- Preferential rates for employees and their families<\/p>\n<p>&#8211; Socially responsible and inclusive<\/p>\n<p>&#8211; In-house events<\/p>\n<p>&#8211; Group insurance<\/p>\n<p>&#8211; Mobile leave<\/p>\n<p>&#8211; Tourism partner discounts and Tourism Advantage Cards<\/p>\n<p>&#8211; Referencing bonus[\/vc_column_text]    <\/div>\n<\/div><\/div><div class=\"qode-accordion-holder clearfix qode-toggle qode-initial \">\n\t<h4 class=\"clearfix qode-title-holder\">\n<span class=\"qode-tab-title\">\n\t    <span class=\"qode-tab-title-inner\">\n        What is Hotel Monville?    <\/span>\n<\/span>\n<span class=\"qode-accordion-mark\">\n    <span class=\"qode-accordion-mark-icon\">\n        <span class=\"icon_plus\"><\/span>\n        <span class=\"icon_minus-06\"><\/span>\n    <\/span>\n<\/span>\n<\/h4>\n<div  class=\"qode-accordion-content \" >\n    <div class=\"qode-accordion-content-inner\">\n        [vc_column_text]Located in the heart of the city centre, the Hotel Monville is a modern and innovative destination that offers a unique experience to its guests. With 269 elegant and well-equipped rooms, our hotel stands out for its contemporary design and state-of-the-art technology.<\/p>\n<p>Our new employees will discover a dynamic and stimulating work environment, where excellent customer service is our top priority. As a member of the Monville team, you will be part of a passionate community committed to providing exceptional hospitality to every visitor.<\/p>\n<p>At Monville, you will have the opportunity to work with talented professionals and develop your skills in an environment that fosters personal and professional growth. At Monville, we believe in the importance of innovation, creativity and teamwork to deliver an unforgettable experience to our customers.<\/p>\n<p>Whether you join our team as a receptionist, service agent, or in any other role, you will find at Monville an inclusive and collaborative corporate culture, where every contribution is valued and recognised.<\/p>\n<p><a href=\"https:\/\/www.hotelmonville.com\/en\/about-us\/\">Discover Hotel Monville<\/a>[\/vc_column_text]    <\/div>\n<\/div><\/div><div class=\"qode-accordion-holder clearfix qode-toggle qode-initial \">\n\t<h4 class=\"clearfix qode-title-holder\">\n<span class=\"qode-tab-title\">\n\t    <span class=\"qode-tab-title-inner\">\n        What eco-responsible actions is Hotel Monville taking?    <\/span>\n<\/span>\n<span class=\"qode-accordion-mark\">\n    <span class=\"qode-accordion-mark-icon\">\n        <span class=\"icon_plus\"><\/span>\n        <span class=\"icon_minus-06\"><\/span>\n    <\/span>\n<\/span>\n<\/h4>\n<div  class=\"qode-accordion-content \" >\n    <div class=\"qode-accordion-content-inner\">\n        [vc_column_text]<\/p>\n<p data-pm-slice=\"1 1 &#091;&#093;\">H\u00f4tel Monville is part of the Greater Montreal Hotel Association&#8217;s sustainable development project. This collaborative project aims to support participating hotels in implementing best practices in sustainable development. To finance this project, H\u00f4tel Monville has set up a sustainable fee. Visitors&#8217; contribution to sustainable development represents <strong>0.5% of accommodation charges<\/strong>, i.e. the rate for overnight stays, before taxes. They do not apply to other charges and services (drinks, food, etc.).<\/p>\n<p data-pm-slice=\"1 1 &#091;&#093;\"><a href=\"https:\/\/www.hotelmonville.com\/en\/sustainable-development\/\">Learn more<\/a><\/p>\n<p>[\/vc_column_text]    <\/div>\n<\/div><\/div>[\/vc_column][\/vc_row][vc_row css_animation=&#8221;&#8221; row_type=&#8221;row&#8221; use_row_as_full_screen_section=&#8221;no&#8221; type=&#8221;full_width&#8221; angled_section=&#8221;no&#8221; text_align=&#8221;left&#8221; background_image_as_pattern=&#8221;without_pattern&#8221; el_class=&#8221;main-section no-border&#8221; z_index=&#8221;&#8221;][vc_column][vc_separator type=&#8221;normal&#8221; color=&#8221;#000000&#8243;][\/vc_column][\/vc_row][vc_row css_animation=&#8221;&#8221; row_type=&#8221;row&#8221; use_row_as_full_screen_section=&#8221;no&#8221; type=&#8221;grid&#8221; angled_section=&#8221;no&#8221; text_align=&#8221;left&#8221; background_image_as_pattern=&#8221;without_pattern&#8221; el_class=&#8221;main-section no-border&#8221; z_index=&#8221;&#8221; padding_top=&#8221;0&#8243;][vc_column][vc_column_text]<\/p>\n<h2 style=\"text-align: center;\">The Monville team<\/h2>\n<p>[\/vc_column_text][vc_empty_space][vc_gallery type=&#8221;image_grid&#8221; images=&#8221;24864,24811,24866,32145,34746,32137,29116,24793,32139,34740,20080,24817,24807,24809,24791,24805,24789,24797,32143,24799,25561,34742,34744,34877&#8243; img_size=&#8221;300&#215;300&#8243; onclick=&#8221;&#8221; css=&#8221;&#8221; column_number=&#8221;6&#8243; grayscale=&#8221;yes&#8221; enable_drag=&#8221;no&#8221; images_space=&#8221;gallery_without_space&#8221;][\/vc_column][\/vc_row][vc_row css_animation=&#8221;&#8221; row_type=&#8221;row&#8221; use_row_as_full_screen_section=&#8221;no&#8221; type=&#8221;grid&#8221; angled_section=&#8221;no&#8221; text_align=&#8221;left&#8221; background_image_as_pattern=&#8221;without_pattern&#8221; z_index=&#8221;&#8221; el_class=&#8221;main-section border-3&#8243; el_id=&#8221;cta-bar&#8221;][vc_column width=&#8221;5\/12&#8243; offset=&#8221;vc_col-lg-5 vc_col-md-5&#8243;][vc_column_text]<\/p>\n<h2>Media<\/h2>\n<p>For all media enquiries, see our press kit and contact details here.<\/p>\n<p>CALL US, WRITE TO US, BUT ABOVE ALL, COME AND SEE US![\/vc_column_text][vc_empty_space height=&#8221;30px&#8221;]<a  itemprop=\"url\" href=\"\/en\/media-press\/\" target=\"_self\"  class=\"qbutton  default\" style=\"\">Learn more<\/a>[\/vc_column][vc_column width=&#8221;1\/12&#8243; offset=&#8221;vc_col-lg-1 vc_col-md-1&#8243;][vc_empty_space][vc_empty_space][\/vc_column][vc_column width=&#8221;1\/2&#8243; offset=&#8221;vc_col-lg-6 vc_col-md-6&#8243;][vc_single_image image=&#8221;19725&#8243; img_size=&#8221;full&#8221; qode_css_animation=&#8221;&#8221;][\/vc_column][\/vc_row][vc_row css_animation=&#8221;&#8221; row_type=&#8221;row&#8221; use_row_as_full_screen_section=&#8221;no&#8221; type=&#8221;full_width&#8221; angled_section=&#8221;no&#8221; text_align=&#8221;left&#8221; background_image_as_pattern=&#8221;without_pattern&#8221;][vc_column][\/vc_column][\/vc_row]<\/p>\n<\/div>","protected":false},"excerpt":{"rendered":"<p>[vc_row css_animation=&#8221;&#8221; row_type=&#8221;row&#8221; use_row_as_full_screen_section=&#8221;no&#8221; type=&#8221;full_width&#8221; angled_section=&#8221;no&#8221; text_align=&#8221;left&#8221; background_image_as_pattern=&#8221;without_pattern&#8221; z_index=&#8221;&#8221; el_class=&#8221;page-banner&#8221;][vc_column][rev_slider_vc alias=&#8221;appel-a-la-candidature&#8221;][\/vc_column][\/vc_row][vc_row css_animation=&#8221;&#8221; row_type=&#8221;row&#8221; use_row_as_full_screen_section=&#8221;no&#8221; type=&#8221;grid&#8221; angled_section=&#8221;no&#8221; text_align=&#8221;center&#8221; background_image_as_pattern=&#8221;without_pattern&#8221; el_class=&#8221;main-section&#8221; z_index=&#8221;&#8221; el_id=&#8221;banner-text&#8221;][vc_column width=&#8221;1\/12&#8243; offset=&#8221;vc_col-lg-2 vc_col-md-2&#8243;][\/vc_column][vc_column width=&#8221;5\/6&#8243; offset=&#8221;vc_col-lg-8 vc_col-md-8&#8243;][vc_column_text css=&#8221;&#8221;] Join the Monville team! [\/vc_column_text][vc_empty_space][\/vc_column][vc_column width=&#8221;1\/12&#8243; offset=&#8221;vc_col-lg-2 vc_col-md-2&#8243;][\/vc_column][\/vc_row][vc_row css_animation=&#8221;&#8221; row_type=&#8221;row&#8221; use_row_as_full_screen_section=&#8221;no&#8221; type=&#8221;grid&#8221; angled_section=&#8221;no&#8221; text_align=&#8221;left&#8221; background_image_as_pattern=&#8221;without_pattern&#8221; el_class=&#8221;main-section no-border&#8221;&#8230;<\/p>\n","protected":false},"author":2,"featured_media":0,"parent":0,"menu_order":0,"comment_status":"closed","ping_status":"closed","template":"full_width.php","meta":{"_acf_changed":false,"inline_featured_image":false,"footnotes":""},"class_list":["post-24770","page","type-page","status-publish","hentry"],"acf":[],"_links":{"self":[{"href":"https:\/\/www.hotelmonville.com\/en\/wp-json\/wp\/v2\/pages\/24770","targetHints":{"allow":["GET"]}}],"collection":[{"href":"https:\/\/www.hotelmonville.com\/en\/wp-json\/wp\/v2\/pages"}],"about":[{"href":"https:\/\/www.hotelmonville.com\/en\/wp-json\/wp\/v2\/types\/page"}],"author":[{"embeddable":true,"href":"https:\/\/www.hotelmonville.com\/en\/wp-json\/wp\/v2\/users\/2"}],"replies":[{"embeddable":true,"href":"https:\/\/www.hotelmonville.com\/en\/wp-json\/wp\/v2\/comments?post=24770"}],"version-history":[{"count":0,"href":"https:\/\/www.hotelmonville.com\/en\/wp-json\/wp\/v2\/pages\/24770\/revisions"}],"wp:attachment":[{"href":"https:\/\/www.hotelmonville.com\/en\/wp-json\/wp\/v2\/media?parent=24770"}],"curies":[{"name":"wp","href":"https:\/\/api.w.org\/{rel}","templated":true}]}}